{"id":383,"date":"2024-06-06T13:38:51","date_gmt":"2024-06-06T11:38:51","guid":{"rendered":"http:\/\/soleildor-megeve.com\/privacy-policy\/"},"modified":"2025-10-01T11:22:46","modified_gmt":"2025-10-01T09:22:46","slug":"politique-de-protection-des-donnees-personnelles","status":"publish","type":"page","link":"https:\/\/soleildor-megeve.com\/fr\/politique-de-protection-des-donnees-personnelles\/","title":{"rendered":"Politique de protection"},"content":{"rendered":"","protected":false},"excerpt":{"rendered":"","protected":false},"author":8,"featured_media":0,"parent":0,"menu_order":0,"comment_status":"closed","ping_status":"closed","template":"","meta":{"_acf_changed":false,"_vp_format_video_url":"","_vp_image_focal_point":[],"footnotes":""},"class_list":["post-383","page","type-page","status-publish","hentry"],"acf":[],"yoast_head":"<!-- This site is optimized with the Yoast SEO plugin v27.3 - https:\/\/yoast.com\/product\/yoast-seo-wordpress\/ -->\n<title>Grand H\u00f4tel Soleil d&#039;Or Meg\u00e8ve | Politique de Confidentialit\u00e9<\/title>\n<meta name=\"description\" content=\"D\u00e9couvrez comment le Grand H\u00f4tel Soleil d&#039;Or Meg\u00e8ve collecte, utilise et prot\u00e8ge vos donn\u00e9es personnelles, en conformit\u00e9 avec le RGPD.\" \/>\n<meta name=\"robots\" content=\"index, follow, max-snippet:-1, max-image-preview:large, max-video-preview:-1\" \/>\n<link rel=\"canonical\" href=\"https:\/\/soleildor-megeve.com\/fr\/politique-de-protection-des-donnees-personnelles\/\" \/>\n<meta property=\"og:locale\" content=\"fr_FR\" \/>\n<meta property=\"og:type\" content=\"article\" \/>\n<meta property=\"og:title\" content=\"Grand H\u00f4tel Soleil d&#039;Or Meg\u00e8ve | Politique de Confidentialit\u00e9\" \/>\n<meta property=\"og:description\" content=\"D\u00e9couvrez comment le Grand H\u00f4tel Soleil d&#039;Or Meg\u00e8ve collecte, utilise et prot\u00e8ge vos donn\u00e9es personnelles, en conformit\u00e9 avec le RGPD.\" \/>\n<meta property=\"og:url\" content=\"https:\/\/soleildor-megeve.com\/fr\/politique-de-protection-des-donnees-personnelles\/\" \/>\n<meta property=\"og:site_name\" content=\"Grand H\u00f4tel du Soleil d&#039;Or\" \/>\n<meta property=\"article:publisher\" content=\"https:\/\/www.facebook.com\/lesoleildormegeve\" \/>\n<meta property=\"article:modified_time\" content=\"2025-10-01T09:22:46+00:00\" \/>\n<meta name=\"twitter:card\" content=\"summary_large_image\" \/>\n<script type=\"application\/ld+json\" class=\"yoast-schema-graph\">{\"@context\":\"https:\\\/\\\/schema.org\",\"@graph\":[{\"@type\":\"WebPage\",\"@id\":\"https:\\\/\\\/soleildor-megeve.com\\\/fr\\\/politique-de-protection-des-donnees-personnelles\\\/\",\"url\":\"https:\\\/\\\/soleildor-megeve.com\\\/fr\\\/politique-de-protection-des-donnees-personnelles\\\/\",\"name\":\"Grand H\u00f4tel Soleil d'Or Meg\u00e8ve | Politique de Confidentialit\u00e9\",\"isPartOf\":{\"@id\":\"https:\\\/\\\/soleildor-megeve.com\\\/#website\"},\"datePublished\":\"2024-06-06T11:38:51+00:00\",\"dateModified\":\"2025-10-01T09:22:46+00:00\",\"description\":\"D\u00e9couvrez comment le Grand H\u00f4tel Soleil d'Or Meg\u00e8ve collecte, utilise et prot\u00e8ge vos donn\u00e9es personnelles, en conformit\u00e9 avec le RGPD.\",\"breadcrumb\":{\"@id\":\"https:\\\/\\\/soleildor-megeve.com\\\/fr\\\/politique-de-protection-des-donnees-personnelles\\\/#breadcrumb\"},\"inLanguage\":\"fr-FR\",\"potentialAction\":[{\"@type\":\"ReadAction\",\"target\":[\"https:\\\/\\\/soleildor-megeve.com\\\/fr\\\/politique-de-protection-des-donnees-personnelles\\\/\"]}]},{\"@type\":\"BreadcrumbList\",\"@id\":\"https:\\\/\\\/soleildor-megeve.com\\\/fr\\\/politique-de-protection-des-donnees-personnelles\\\/#breadcrumb\",\"itemListElement\":[{\"@type\":\"ListItem\",\"position\":1,\"name\":\"Home\",\"item\":\"https:\\\/\\\/soleildor-megeve.com\\\/fr\\\/\"},{\"@type\":\"ListItem\",\"position\":2,\"name\":\"Politique de protection\"}]},{\"@type\":\"WebSite\",\"@id\":\"https:\\\/\\\/soleildor-megeve.com\\\/#website\",\"url\":\"https:\\\/\\\/soleildor-megeve.com\\\/\",\"name\":\"Grand H\u00f4tel du Soleil d'Or\",\"description\":\"\",\"publisher\":{\"@id\":\"https:\\\/\\\/soleildor-megeve.com\\\/#organization\"},\"potentialAction\":[{\"@type\":\"SearchAction\",\"target\":{\"@type\":\"EntryPoint\",\"urlTemplate\":\"https:\\\/\\\/soleildor-megeve.com\\\/?s={search_term_string}\"},\"query-input\":{\"@type\":\"PropertyValueSpecification\",\"valueRequired\":true,\"valueName\":\"search_term_string\"}}],\"inLanguage\":\"fr-FR\"},{\"@type\":\"Organization\",\"@id\":\"https:\\\/\\\/soleildor-megeve.com\\\/#organization\",\"name\":\"Soleil d'Or Megeve\",\"url\":\"https:\\\/\\\/soleildor-megeve.com\\\/\",\"logo\":{\"@type\":\"ImageObject\",\"inLanguage\":\"fr-FR\",\"@id\":\"https:\\\/\\\/soleildor-megeve.com\\\/#\\\/schema\\\/logo\\\/image\\\/\",\"url\":\"https:\\\/\\\/soleildor-megeve.com\\\/wp-content\\\/uploads\\\/2024\\\/06\\\/full-logo-dark.svg\",\"contentUrl\":\"https:\\\/\\\/soleildor-megeve.com\\\/wp-content\\\/uploads\\\/2024\\\/06\\\/full-logo-dark.svg\",\"width\":506,\"height\":386,\"caption\":\"Soleil d'Or Megeve\"},\"image\":{\"@id\":\"https:\\\/\\\/soleildor-megeve.com\\\/#\\\/schema\\\/logo\\\/image\\\/\"},\"sameAs\":[\"https:\\\/\\\/www.facebook.com\\\/lesoleildormegeve\",\"https:\\\/\\\/www.instagram.com\\\/lesoleildormegeve\"]}]}<\/script>\n<!-- \/ Yoast SEO plugin. -->","yoast_head_json":{"title":"Grand H\u00f4tel Soleil d'Or Meg\u00e8ve | Politique de Confidentialit\u00e9","description":"D\u00e9couvrez comment le Grand H\u00f4tel Soleil d'Or Meg\u00e8ve collecte, utilise et prot\u00e8ge vos donn\u00e9es personnelles, en conformit\u00e9 avec le RGPD.","robots":{"index":"index","follow":"follow","max-snippet":"max-snippet:-1","max-image-preview":"max-image-preview:large","max-video-preview":"max-video-preview:-1"},"canonical":"https:\/\/soleildor-megeve.com\/fr\/politique-de-protection-des-donnees-personnelles\/","og_locale":"fr_FR","og_type":"article","og_title":"Grand H\u00f4tel Soleil d'Or Meg\u00e8ve | Politique de Confidentialit\u00e9","og_description":"D\u00e9couvrez comment le Grand H\u00f4tel Soleil d'Or Meg\u00e8ve collecte, utilise et prot\u00e8ge vos donn\u00e9es personnelles, en conformit\u00e9 avec le RGPD.","og_url":"https:\/\/soleildor-megeve.com\/fr\/politique-de-protection-des-donnees-personnelles\/","og_site_name":"Grand H\u00f4tel du Soleil d&#039;Or","article_publisher":"https:\/\/www.facebook.com\/lesoleildormegeve","article_modified_time":"2025-10-01T09:22:46+00:00","twitter_card":"summary_large_image","schema":{"@context":"https:\/\/schema.org","@graph":[{"@type":"WebPage","@id":"https:\/\/soleildor-megeve.com\/fr\/politique-de-protection-des-donnees-personnelles\/","url":"https:\/\/soleildor-megeve.com\/fr\/politique-de-protection-des-donnees-personnelles\/","name":"Grand H\u00f4tel Soleil d'Or Meg\u00e8ve | Politique de Confidentialit\u00e9","isPartOf":{"@id":"https:\/\/soleildor-megeve.com\/#website"},"datePublished":"2024-06-06T11:38:51+00:00","dateModified":"2025-10-01T09:22:46+00:00","description":"D\u00e9couvrez comment le Grand H\u00f4tel Soleil d'Or Meg\u00e8ve collecte, utilise et prot\u00e8ge vos donn\u00e9es personnelles, en conformit\u00e9 avec le RGPD.","breadcrumb":{"@id":"https:\/\/soleildor-megeve.com\/fr\/politique-de-protection-des-donnees-personnelles\/#breadcrumb"},"inLanguage":"fr-FR","potentialAction":[{"@type":"ReadAction","target":["https:\/\/soleildor-megeve.com\/fr\/politique-de-protection-des-donnees-personnelles\/"]}]},{"@type":"BreadcrumbList","@id":"https:\/\/soleildor-megeve.com\/fr\/politique-de-protection-des-donnees-personnelles\/#breadcrumb","itemListElement":[{"@type":"ListItem","position":1,"name":"Home","item":"https:\/\/soleildor-megeve.com\/fr\/"},{"@type":"ListItem","position":2,"name":"Politique de protection"}]},{"@type":"WebSite","@id":"https:\/\/soleildor-megeve.com\/#website","url":"https:\/\/soleildor-megeve.com\/","name":"Grand H\u00f4tel du Soleil d'Or","description":"","publisher":{"@id":"https:\/\/soleildor-megeve.com\/#organization"},"potentialAction":[{"@type":"SearchAction","target":{"@type":"EntryPoint","urlTemplate":"https:\/\/soleildor-megeve.com\/?s={search_term_string}"},"query-input":{"@type":"PropertyValueSpecification","valueRequired":true,"valueName":"search_term_string"}}],"inLanguage":"fr-FR"},{"@type":"Organization","@id":"https:\/\/soleildor-megeve.com\/#organization","name":"Soleil d'Or Megeve","url":"https:\/\/soleildor-megeve.com\/","logo":{"@type":"ImageObject","inLanguage":"fr-FR","@id":"https:\/\/soleildor-megeve.com\/#\/schema\/logo\/image\/","url":"https:\/\/soleildor-megeve.com\/wp-content\/uploads\/2024\/06\/full-logo-dark.svg","contentUrl":"https:\/\/soleildor-megeve.com\/wp-content\/uploads\/2024\/06\/full-logo-dark.svg","width":506,"height":386,"caption":"Soleil d'Or Megeve"},"image":{"@id":"https:\/\/soleildor-megeve.com\/#\/schema\/logo\/image\/"},"sameAs":["https:\/\/www.facebook.com\/lesoleildormegeve","https:\/\/www.instagram.com\/lesoleildormegeve"]}]}},"_links":{"self":[{"href":"https:\/\/soleildor-megeve.com\/fr\/wp-json\/wp\/v2\/pages\/383","targetHints":{"allow":["GET"]}}],"collection":[{"href":"https:\/\/soleildor-megeve.com\/fr\/wp-json\/wp\/v2\/pages"}],"about":[{"href":"https:\/\/soleildor-megeve.com\/fr\/wp-json\/wp\/v2\/types\/page"}],"author":[{"embeddable":true,"href":"https:\/\/soleildor-megeve.com\/fr\/wp-json\/wp\/v2\/users\/8"}],"replies":[{"embeddable":true,"href":"https:\/\/soleildor-megeve.com\/fr\/wp-json\/wp\/v2\/comments?post=383"}],"version-history":[{"count":8,"href":"https:\/\/soleildor-megeve.com\/fr\/wp-json\/wp\/v2\/pages\/383\/revisions"}],"predecessor-version":[{"id":1180,"href":"https:\/\/soleildor-megeve.com\/fr\/wp-json\/wp\/v2\/pages\/383\/revisions\/1180"}],"wp:attachment":[{"href":"https:\/\/soleildor-megeve.com\/fr\/wp-json\/wp\/v2\/media?parent=383"}],"curies":[{"name":"wp","href":"https:\/\/api.w.org\/{rel}","templated":true}]}}