{"id":1943,"date":"2025-06-25T15:54:54","date_gmt":"2025-06-25T13:54:54","guid":{"rendered":"https:\/\/soleildor-megeve.com\/?page_id=1943"},"modified":"2025-10-01T10:48:28","modified_gmt":"2025-10-01T08:48:28","slug":"presse","status":"publish","type":"page","link":"https:\/\/soleildor-megeve.com\/fr\/presse\/","title":{"rendered":"Presse"},"content":{"rendered":"","protected":false},"excerpt":{"rendered":"","protected":false},"author":5,"featured_media":0,"parent":0,"menu_order":0,"comment_status":"closed","ping_status":"closed","template":"","meta":{"_acf_changed":false,"_vp_format_video_url":"","_vp_image_focal_point":[],"footnotes":""},"class_list":["post-1943","page","type-page","status-publish","hentry"],"acf":[],"yoast_head":"<!-- This site is optimized with the Yoast SEO plugin v27.3 - https:\/\/yoast.com\/product\/yoast-seo-wordpress\/ -->\n<title>Grand H\u00f4tel Soleil d&#039;Or Meg\u00e8ve | Dossier Presse &amp; M\u00e9dias<\/title>\n<meta name=\"description\" content=\"T\u00e9l\u00e9chargez dossier presse, photos HD et actualit\u00e9s du Grand H\u00f4tel Soleil d&#039;Or, h\u00f4tel spa 5\u202f\u00e9toiles iconique de Meg\u00e8ve dans les Alpes fran\u00e7aises.\" \/>\n<meta name=\"robots\" content=\"index, follow, max-snippet:-1, max-image-preview:large, max-video-preview:-1\" \/>\n<link rel=\"canonical\" href=\"https:\/\/soleildor-megeve.com\/fr\/presse\/\" \/>\n<meta property=\"og:locale\" content=\"fr_FR\" \/>\n<meta property=\"og:type\" content=\"article\" \/>\n<meta property=\"og:title\" content=\"Grand H\u00f4tel Soleil d&#039;Or Meg\u00e8ve | Dossier Presse &amp; M\u00e9dias\" \/>\n<meta property=\"og:description\" content=\"T\u00e9l\u00e9chargez dossier presse, photos HD et actualit\u00e9s du Grand H\u00f4tel Soleil d&#039;Or, h\u00f4tel spa 5\u202f\u00e9toiles iconique de Meg\u00e8ve dans les Alpes fran\u00e7aises.\" \/>\n<meta property=\"og:url\" content=\"https:\/\/soleildor-megeve.com\/fr\/presse\/\" \/>\n<meta property=\"og:site_name\" content=\"Grand H\u00f4tel du Soleil d&#039;Or\" \/>\n<meta property=\"article:publisher\" content=\"https:\/\/www.facebook.com\/lesoleildormegeve\" \/>\n<meta property=\"article:modified_time\" content=\"2025-10-01T08:48:28+00:00\" \/>\n<meta name=\"twitter:card\" content=\"summary_large_image\" \/>\n<script type=\"application\/ld+json\" class=\"yoast-schema-graph\">{\"@context\":\"https:\\\/\\\/schema.org\",\"@graph\":[{\"@type\":\"WebPage\",\"@id\":\"https:\\\/\\\/soleildor-megeve.com\\\/fr\\\/presse\\\/\",\"url\":\"https:\\\/\\\/soleildor-megeve.com\\\/fr\\\/presse\\\/\",\"name\":\"Grand H\u00f4tel Soleil d'Or Meg\u00e8ve | Dossier Presse & M\u00e9dias\",\"isPartOf\":{\"@id\":\"https:\\\/\\\/soleildor-megeve.com\\\/#website\"},\"datePublished\":\"2025-06-25T13:54:54+00:00\",\"dateModified\":\"2025-10-01T08:48:28+00:00\",\"description\":\"T\u00e9l\u00e9chargez dossier presse, photos HD et actualit\u00e9s du Grand H\u00f4tel Soleil d'Or, h\u00f4tel spa 5\u202f\u00e9toiles iconique de Meg\u00e8ve dans les Alpes fran\u00e7aises.\",\"breadcrumb\":{\"@id\":\"https:\\\/\\\/soleildor-megeve.com\\\/fr\\\/presse\\\/#breadcrumb\"},\"inLanguage\":\"fr-FR\",\"potentialAction\":[{\"@type\":\"ReadAction\",\"target\":[\"https:\\\/\\\/soleildor-megeve.com\\\/fr\\\/presse\\\/\"]}]},{\"@type\":\"BreadcrumbList\",\"@id\":\"https:\\\/\\\/soleildor-megeve.com\\\/fr\\\/presse\\\/#breadcrumb\",\"itemListElement\":[{\"@type\":\"ListItem\",\"position\":1,\"name\":\"Home\",\"item\":\"https:\\\/\\\/soleildor-megeve.com\\\/fr\\\/\"},{\"@type\":\"ListItem\",\"position\":2,\"name\":\"Presse\"}]},{\"@type\":\"WebSite\",\"@id\":\"https:\\\/\\\/soleildor-megeve.com\\\/#website\",\"url\":\"https:\\\/\\\/soleildor-megeve.com\\\/\",\"name\":\"Grand H\u00f4tel du Soleil d'Or\",\"description\":\"\",\"publisher\":{\"@id\":\"https:\\\/\\\/soleildor-megeve.com\\\/#organization\"},\"potentialAction\":[{\"@type\":\"SearchAction\",\"target\":{\"@type\":\"EntryPoint\",\"urlTemplate\":\"https:\\\/\\\/soleildor-megeve.com\\\/?s={search_term_string}\"},\"query-input\":{\"@type\":\"PropertyValueSpecification\",\"valueRequired\":true,\"valueName\":\"search_term_string\"}}],\"inLanguage\":\"fr-FR\"},{\"@type\":\"Organization\",\"@id\":\"https:\\\/\\\/soleildor-megeve.com\\\/#organization\",\"name\":\"Soleil d'Or Megeve\",\"url\":\"https:\\\/\\\/soleildor-megeve.com\\\/\",\"logo\":{\"@type\":\"ImageObject\",\"inLanguage\":\"fr-FR\",\"@id\":\"https:\\\/\\\/soleildor-megeve.com\\\/#\\\/schema\\\/logo\\\/image\\\/\",\"url\":\"https:\\\/\\\/soleildor-megeve.com\\\/wp-content\\\/uploads\\\/2024\\\/06\\\/full-logo-dark.svg\",\"contentUrl\":\"https:\\\/\\\/soleildor-megeve.com\\\/wp-content\\\/uploads\\\/2024\\\/06\\\/full-logo-dark.svg\",\"width\":506,\"height\":386,\"caption\":\"Soleil d'Or Megeve\"},\"image\":{\"@id\":\"https:\\\/\\\/soleildor-megeve.com\\\/#\\\/schema\\\/logo\\\/image\\\/\"},\"sameAs\":[\"https:\\\/\\\/www.facebook.com\\\/lesoleildormegeve\",\"https:\\\/\\\/www.instagram.com\\\/lesoleildormegeve\"]}]}<\/script>\n<!-- \/ Yoast SEO plugin. -->","yoast_head_json":{"title":"Grand H\u00f4tel Soleil d'Or Meg\u00e8ve | Dossier Presse & M\u00e9dias","description":"T\u00e9l\u00e9chargez dossier presse, photos HD et actualit\u00e9s du Grand H\u00f4tel Soleil d'Or, h\u00f4tel spa 5\u202f\u00e9toiles iconique de Meg\u00e8ve dans les Alpes fran\u00e7aises.","robots":{"index":"index","follow":"follow","max-snippet":"max-snippet:-1","max-image-preview":"max-image-preview:large","max-video-preview":"max-video-preview:-1"},"canonical":"https:\/\/soleildor-megeve.com\/fr\/presse\/","og_locale":"fr_FR","og_type":"article","og_title":"Grand H\u00f4tel Soleil d'Or Meg\u00e8ve | Dossier Presse & M\u00e9dias","og_description":"T\u00e9l\u00e9chargez dossier presse, photos HD et actualit\u00e9s du Grand H\u00f4tel Soleil d'Or, h\u00f4tel spa 5\u202f\u00e9toiles iconique de Meg\u00e8ve dans les Alpes fran\u00e7aises.","og_url":"https:\/\/soleildor-megeve.com\/fr\/presse\/","og_site_name":"Grand H\u00f4tel du Soleil d&#039;Or","article_publisher":"https:\/\/www.facebook.com\/lesoleildormegeve","article_modified_time":"2025-10-01T08:48:28+00:00","twitter_card":"summary_large_image","schema":{"@context":"https:\/\/schema.org","@graph":[{"@type":"WebPage","@id":"https:\/\/soleildor-megeve.com\/fr\/presse\/","url":"https:\/\/soleildor-megeve.com\/fr\/presse\/","name":"Grand H\u00f4tel Soleil d'Or Meg\u00e8ve | Dossier Presse & M\u00e9dias","isPartOf":{"@id":"https:\/\/soleildor-megeve.com\/#website"},"datePublished":"2025-06-25T13:54:54+00:00","dateModified":"2025-10-01T08:48:28+00:00","description":"T\u00e9l\u00e9chargez dossier presse, photos HD et actualit\u00e9s du Grand H\u00f4tel Soleil d'Or, h\u00f4tel spa 5\u202f\u00e9toiles iconique de Meg\u00e8ve dans les Alpes fran\u00e7aises.","breadcrumb":{"@id":"https:\/\/soleildor-megeve.com\/fr\/presse\/#breadcrumb"},"inLanguage":"fr-FR","potentialAction":[{"@type":"ReadAction","target":["https:\/\/soleildor-megeve.com\/fr\/presse\/"]}]},{"@type":"BreadcrumbList","@id":"https:\/\/soleildor-megeve.com\/fr\/presse\/#breadcrumb","itemListElement":[{"@type":"ListItem","position":1,"name":"Home","item":"https:\/\/soleildor-megeve.com\/fr\/"},{"@type":"ListItem","position":2,"name":"Presse"}]},{"@type":"WebSite","@id":"https:\/\/soleildor-megeve.com\/#website","url":"https:\/\/soleildor-megeve.com\/","name":"Grand H\u00f4tel du Soleil d'Or","description":"","publisher":{"@id":"https:\/\/soleildor-megeve.com\/#organization"},"potentialAction":[{"@type":"SearchAction","target":{"@type":"EntryPoint","urlTemplate":"https:\/\/soleildor-megeve.com\/?s={search_term_string}"},"query-input":{"@type":"PropertyValueSpecification","valueRequired":true,"valueName":"search_term_string"}}],"inLanguage":"fr-FR"},{"@type":"Organization","@id":"https:\/\/soleildor-megeve.com\/#organization","name":"Soleil d'Or Megeve","url":"https:\/\/soleildor-megeve.com\/","logo":{"@type":"ImageObject","inLanguage":"fr-FR","@id":"https:\/\/soleildor-megeve.com\/#\/schema\/logo\/image\/","url":"https:\/\/soleildor-megeve.com\/wp-content\/uploads\/2024\/06\/full-logo-dark.svg","contentUrl":"https:\/\/soleildor-megeve.com\/wp-content\/uploads\/2024\/06\/full-logo-dark.svg","width":506,"height":386,"caption":"Soleil d'Or Megeve"},"image":{"@id":"https:\/\/soleildor-megeve.com\/#\/schema\/logo\/image\/"},"sameAs":["https:\/\/www.facebook.com\/lesoleildormegeve","https:\/\/www.instagram.com\/lesoleildormegeve"]}]}},"_links":{"self":[{"href":"https:\/\/soleildor-megeve.com\/fr\/wp-json\/wp\/v2\/pages\/1943","targetHints":{"allow":["GET"]}}],"collection":[{"href":"https:\/\/soleildor-megeve.com\/fr\/wp-json\/wp\/v2\/pages"}],"about":[{"href":"https:\/\/soleildor-megeve.com\/fr\/wp-json\/wp\/v2\/types\/page"}],"author":[{"embeddable":true,"href":"https:\/\/soleildor-megeve.com\/fr\/wp-json\/wp\/v2\/users\/5"}],"replies":[{"embeddable":true,"href":"https:\/\/soleildor-megeve.com\/fr\/wp-json\/wp\/v2\/comments?post=1943"}],"version-history":[{"count":10,"href":"https:\/\/soleildor-megeve.com\/fr\/wp-json\/wp\/v2\/pages\/1943\/revisions"}],"predecessor-version":[{"id":1984,"href":"https:\/\/soleildor-megeve.com\/fr\/wp-json\/wp\/v2\/pages\/1943\/revisions\/1984"}],"wp:attachment":[{"href":"https:\/\/soleildor-megeve.com\/fr\/wp-json\/wp\/v2\/media?parent=1943"}],"curies":[{"name":"wp","href":"https:\/\/api.w.org\/{rel}","templated":true}]}}